{"id":695,"date":"2024-04-20T08:27:21","date_gmt":"2024-04-20T06:27:21","guid":{"rendered":"https:\/\/museocr.org\/ninos\/?page_id=695"},"modified":"2024-06-26T15:13:10","modified_gmt":"2024-06-26T21:13:10","slug":"agenda-de-actividades","status":"publish","type":"page","link":"https:\/\/museocr.org\/ninos\/agenda-de-actividades\/","title":{"rendered":"Agenda de Actividades"},"content":{"rendered":"","protected":false},"excerpt":{"rendered":"","protected":false},"author":1,"featured_media":0,"parent":0,"menu_order":0,"comment_status":"closed","ping_status":"closed","template":"","meta":{"_acf_changed":false,"footnotes":""},"class_list":["post-695","page","type-page","status-publish","hentry"],"acf":[],"yoast_head":"<!-- This site is optimized with the Yoast SEO plugin v27.4 - https:\/\/yoast.com\/product\/yoast-seo-wordpress\/ -->\n<title>Agenda de Actividades - Museo de los Ni\u00f1os<\/title>\n<meta name=\"robots\" content=\"index, follow, max-snippet:-1, max-image-preview:large, max-video-preview:-1\" \/>\n<link rel=\"canonical\" href=\"https:\/\/museocr.org\/ninos\/agenda-de-actividades\/\" \/>\n<meta property=\"og:locale\" content=\"es_ES\" \/>\n<meta property=\"og:type\" content=\"article\" \/>\n<meta property=\"og:title\" content=\"Agenda de Actividades - Museo de los Ni\u00f1os\" \/>\n<meta property=\"og:url\" content=\"https:\/\/museocr.org\/ninos\/agenda-de-actividades\/\" \/>\n<meta property=\"og:site_name\" content=\"Museo de los Ni\u00f1os\" \/>\n<meta property=\"article:publisher\" content=\"https:\/\/www.facebook.com\/museodelosninoscr\" \/>\n<meta property=\"article:modified_time\" content=\"2024-06-26T21:13:10+00:00\" \/>\n<meta property=\"og:image\" content=\"https:\/\/museocr.org\/ninos\/wp-content\/uploads\/sites\/2\/2024\/04\/portada-oficial.webp\" \/>\n\t<meta property=\"og:image:width\" content=\"1920\" \/>\n\t<meta property=\"og:image:height\" content=\"1080\" \/>\n\t<meta property=\"og:image:type\" content=\"image\/webp\" \/>\n<meta name=\"twitter:card\" content=\"summary_large_image\" \/>\n<script type=\"application\/ld+json\" class=\"yoast-schema-graph\">{\"@context\":\"https:\\\/\\\/schema.org\",\"@graph\":[{\"@type\":\"WebPage\",\"@id\":\"https:\\\/\\\/museocr.org\\\/ninos\\\/agenda-de-actividades\\\/\",\"url\":\"https:\\\/\\\/museocr.org\\\/ninos\\\/agenda-de-actividades\\\/\",\"name\":\"Agenda de Actividades - Museo de los Ni\u00f1os\",\"isPartOf\":{\"@id\":\"https:\\\/\\\/museocr.org\\\/ninos\\\/#website\"},\"datePublished\":\"2024-04-20T06:27:21+00:00\",\"dateModified\":\"2024-06-26T21:13:10+00:00\",\"inLanguage\":\"es\",\"potentialAction\":[{\"@type\":\"ReadAction\",\"target\":[\"https:\\\/\\\/museocr.org\\\/ninos\\\/agenda-de-actividades\\\/\"]}]},{\"@type\":\"WebSite\",\"@id\":\"https:\\\/\\\/museocr.org\\\/ninos\\\/#website\",\"url\":\"https:\\\/\\\/museocr.org\\\/ninos\\\/\",\"name\":\"Museo de los Ni\u00f1os\",\"description\":\"Instituci\u00f3n Benem\u00e9rita de Costa Rica\",\"publisher\":{\"@id\":\"https:\\\/\\\/museocr.org\\\/ninos\\\/#organization\"},\"potentialAction\":[{\"@type\":\"SearchAction\",\"target\":{\"@type\":\"EntryPoint\",\"urlTemplate\":\"https:\\\/\\\/museocr.org\\\/ninos\\\/?s={search_term_string}\"},\"query-input\":{\"@type\":\"PropertyValueSpecification\",\"valueRequired\":true,\"valueName\":\"search_term_string\"}}],\"inLanguage\":\"es\"},{\"@type\":\"Organization\",\"@id\":\"https:\\\/\\\/museocr.org\\\/ninos\\\/#organization\",\"name\":\"Museo de los Ni\u00f1os\",\"url\":\"https:\\\/\\\/museocr.org\\\/ninos\\\/\",\"logo\":{\"@type\":\"ImageObject\",\"inLanguage\":\"es\",\"@id\":\"https:\\\/\\\/museocr.org\\\/ninos\\\/#\\\/schema\\\/logo\\\/image\\\/\",\"url\":\"https:\\\/\\\/museocr.org\\\/ninos\\\/wp-content\\\/uploads\\\/sites\\\/2\\\/2021\\\/05\\\/Menu-Global.svg\",\"contentUrl\":\"https:\\\/\\\/museocr.org\\\/ninos\\\/wp-content\\\/uploads\\\/sites\\\/2\\\/2021\\\/05\\\/Menu-Global.svg\",\"width\":192,\"height\":104,\"caption\":\"Museo de los Ni\u00f1os\"},\"image\":{\"@id\":\"https:\\\/\\\/museocr.org\\\/ninos\\\/#\\\/schema\\\/logo\\\/image\\\/\"},\"sameAs\":[\"https:\\\/\\\/www.facebook.com\\\/museodelosninoscr\",\"https:\\\/\\\/www.instagram.com\\\/museodelosninoscr\\\/\"]}]}<\/script>\n<!-- \/ Yoast SEO plugin. -->","yoast_head_json":{"title":"Agenda de Actividades - Museo de los Ni\u00f1os","robots":{"index":"index","follow":"follow","max-snippet":"max-snippet:-1","max-image-preview":"max-image-preview:large","max-video-preview":"max-video-preview:-1"},"canonical":"https:\/\/museocr.org\/ninos\/agenda-de-actividades\/","og_locale":"es_ES","og_type":"article","og_title":"Agenda de Actividades - Museo de los Ni\u00f1os","og_url":"https:\/\/museocr.org\/ninos\/agenda-de-actividades\/","og_site_name":"Museo de los Ni\u00f1os","article_publisher":"https:\/\/www.facebook.com\/museodelosninoscr","article_modified_time":"2024-06-26T21:13:10+00:00","og_image":[{"width":1920,"height":1080,"url":"https:\/\/museocr.org\/ninos\/wp-content\/uploads\/sites\/2\/2024\/04\/portada-oficial.webp","type":"image\/webp"}],"twitter_card":"summary_large_image","schema":{"@context":"https:\/\/schema.org","@graph":[{"@type":"WebPage","@id":"https:\/\/museocr.org\/ninos\/agenda-de-actividades\/","url":"https:\/\/museocr.org\/ninos\/agenda-de-actividades\/","name":"Agenda de Actividades - Museo de los Ni\u00f1os","isPartOf":{"@id":"https:\/\/museocr.org\/ninos\/#website"},"datePublished":"2024-04-20T06:27:21+00:00","dateModified":"2024-06-26T21:13:10+00:00","inLanguage":"es","potentialAction":[{"@type":"ReadAction","target":["https:\/\/museocr.org\/ninos\/agenda-de-actividades\/"]}]},{"@type":"WebSite","@id":"https:\/\/museocr.org\/ninos\/#website","url":"https:\/\/museocr.org\/ninos\/","name":"Museo de los Ni\u00f1os","description":"Instituci\u00f3n Benem\u00e9rita de Costa Rica","publisher":{"@id":"https:\/\/museocr.org\/ninos\/#organization"},"potentialAction":[{"@type":"SearchAction","target":{"@type":"EntryPoint","urlTemplate":"https:\/\/museocr.org\/ninos\/?s={search_term_string}"},"query-input":{"@type":"PropertyValueSpecification","valueRequired":true,"valueName":"search_term_string"}}],"inLanguage":"es"},{"@type":"Organization","@id":"https:\/\/museocr.org\/ninos\/#organization","name":"Museo de los Ni\u00f1os","url":"https:\/\/museocr.org\/ninos\/","logo":{"@type":"ImageObject","inLanguage":"es","@id":"https:\/\/museocr.org\/ninos\/#\/schema\/logo\/image\/","url":"https:\/\/museocr.org\/ninos\/wp-content\/uploads\/sites\/2\/2021\/05\/Menu-Global.svg","contentUrl":"https:\/\/museocr.org\/ninos\/wp-content\/uploads\/sites\/2\/2021\/05\/Menu-Global.svg","width":192,"height":104,"caption":"Museo de los Ni\u00f1os"},"image":{"@id":"https:\/\/museocr.org\/ninos\/#\/schema\/logo\/image\/"},"sameAs":["https:\/\/www.facebook.com\/museodelosninoscr","https:\/\/www.instagram.com\/museodelosninoscr\/"]}]}},"_links":{"self":[{"href":"https:\/\/museocr.org\/ninos\/wp-json\/wp\/v2\/pages\/695","targetHints":{"allow":["GET"]}}],"collection":[{"href":"https:\/\/museocr.org\/ninos\/wp-json\/wp\/v2\/pages"}],"about":[{"href":"https:\/\/museocr.org\/ninos\/wp-json\/wp\/v2\/types\/page"}],"author":[{"embeddable":true,"href":"https:\/\/museocr.org\/ninos\/wp-json\/wp\/v2\/users\/1"}],"replies":[{"embeddable":true,"href":"https:\/\/museocr.org\/ninos\/wp-json\/wp\/v2\/comments?post=695"}],"version-history":[{"count":1,"href":"https:\/\/museocr.org\/ninos\/wp-json\/wp\/v2\/pages\/695\/revisions"}],"predecessor-version":[{"id":696,"href":"https:\/\/museocr.org\/ninos\/wp-json\/wp\/v2\/pages\/695\/revisions\/696"}],"wp:attachment":[{"href":"https:\/\/museocr.org\/ninos\/wp-json\/wp\/v2\/media?parent=695"}],"curies":[{"name":"wp","href":"https:\/\/api.w.org\/{rel}","templated":true}]}}